{"id":10,"date":"2021-10-25T19:22:49","date_gmt":"2021-10-25T19:22:49","guid":{"rendered":"https:\/\/creandomiescueladigital.chapingreen.com\/mi-cuenta\/"},"modified":"2021-11-22T10:42:26","modified_gmt":"2021-11-22T16:42:26","slug":"mi-perfil","status":"publish","type":"page","link":"https:\/\/creandomiescueladigital.chapingreen.com\/?page_id=10","title":{"rendered":"Mis Diplomados"},"content":{"rendered":"<p>\u00bfProblemas para ver tus Diplomados?<\/p><p>No te preocupes, el siguiente v\u00eddeo te ense\u00f1ar\u00e1 c\u00f3mo poder navegar en la Escuela Digital:<\/p><figure class=\"wp-block-embed aligncenter is-type-video is-provider-vimeo wp-block-embed-vimeo\"><div class=\"wp-block-embed__wrapper\">\n<iframe src=\"https:\/\/player.vimeo.com\/video\/647476980?h=9f52040923&amp;dnt=1&amp;app_id=122963\" width=\"750\" height=\"446\" frameborder=\"0\" allow=\"autoplay; fullscreen; picture-in-picture\" allowfullscreen><\/iframe>\n<\/div><\/figure><hr class=\"wp-block-separator\"\/><div style=\"height:50px\" aria-hidden=\"true\" class=\"wp-block-spacer\"><\/div>","protected":false},"excerpt":{"rendered":"<p>\u00bfProblemas para ver tus Diplomados? No te preocupes, el siguiente v\u00eddeo te ense\u00f1ar\u00e1 c\u00f3mo poder navegar en la Escuela Digital:<\/p>\n","protected":false},"author":1,"featured_media":0,"parent":0,"menu_order":0,"comment_status":"closed","ping_status":"closed","template":"","meta":{"_editorskit_title_hidden":false,"_editorskit_reading_time":1,"_editorskit_is_block_options_detached":false,"_editorskit_block_options_position":"{}","_uag_custom_page_level_css":"","footnotes":""},"class_list":["post-10","page","type-page","status-publish","hentry","entry"],"uagb_featured_image_src":{"full":false,"thumbnail":false,"medium":false,"medium_large":false,"large":false,"1536x1536":false,"2048x2048":false,"post-thumbnail":false,"woocommerce_thumbnail":false,"woocommerce_single":false,"woocommerce_gallery_thumbnail":false},"uagb_author_info":{"display_name":"ismaelguta","author_link":"https:\/\/creandomiescueladigital.chapingreen.com\/?author=1"},"uagb_comment_info":0,"uagb_excerpt":"\u00bfProblemas para ver tus Diplomados? No te preocupes, el siguiente v\u00eddeo te ense\u00f1ar\u00e1 c\u00f3mo poder navegar en la Escuela Digital:","_links":{"self":[{"href":"https:\/\/creandomiescueladigital.chapingreen.com\/index.php?rest_route=\/wp\/v2\/pages\/10","targetHints":{"allow":["GET"]}}],"collection":[{"href":"https:\/\/creandomiescueladigital.chapingreen.com\/index.php?rest_route=\/wp\/v2\/pages"}],"about":[{"href":"https:\/\/creandomiescueladigital.chapingreen.com\/index.php?rest_route=\/wp\/v2\/types\/page"}],"author":[{"embeddable":true,"href":"https:\/\/creandomiescueladigital.chapingreen.com\/index.php?rest_route=\/wp\/v2\/users\/1"}],"replies":[{"embeddable":true,"href":"https:\/\/creandomiescueladigital.chapingreen.com\/index.php?rest_route=%2Fwp%2Fv2%2Fcomments&post=10"}],"version-history":[{"count":0,"href":"https:\/\/creandomiescueladigital.chapingreen.com\/index.php?rest_route=\/wp\/v2\/pages\/10\/revisions"}],"wp:attachment":[{"href":"https:\/\/creandomiescueladigital.chapingreen.com\/index.php?rest_route=%2Fwp%2Fv2%2Fmedia&parent=10"}],"curies":[{"name":"wp","href":"https:\/\/api.w.org\/{rel}","templated":true}]}}